{"id":2958,"date":"2023-05-15T08:43:15","date_gmt":"2023-05-15T06:43:15","guid":{"rendered":"https:\/\/aware-cheese.com\/?page_id=2958"},"modified":"2023-06-02T16:48:07","modified_gmt":"2023-06-02T14:48:07","slug":"cheddar","status":"publish","type":"page","link":"https:\/\/aware-cheese.com\/fr\/cheese-types\/cheddar\/","title":{"rendered":"Cheddar"},"content":{"rendered":"\n<h2 class=\"wp-block-heading has-text-align-center\">Cheddar<\/h2>\n\n\n\n<div class=\"wp-block-columns is-layout-flex wp-container-core-columns-is-layout-9d6595d7 wp-block-columns-is-layout-flex\">\n<div class=\"wp-block-column is-layout-flow wp-block-column-is-layout-flow\">\n<br\/><br\/>\n\n\n\n<h2 class=\"wp-block-heading\" style=\"font-size:28px\">Origine<\/h2>\n\n\n\n<p>Bien que le Cheddar soit originaire du Royaume-Uni, il est d\u00e9sormais produit et appr\u00e9ci\u00e9 dans le monde entier. Sa production inclut un processus de fabrication appel\u00e9 \u00ab cheddarisation \u00bb qui donne au Cheddar ses caract\u00e9ristiques uniques. A-ware livre \u00e0 la fois du Cheddar orange et du Cheddar blanc.<\/p>\n\n\n\n<br\/>\n\n\n\n<h2 class=\"wp-block-heading\" style=\"font-size:28px\">Go\u00fbt et caract\u00e9ristiques<\/h2>\n\n\n\n<p>Le Cheddar a un go\u00fbt l\u00e9g\u00e8rement prononc\u00e9 et une texture cr\u00e9meuse. Il est \u00e0 la fois solide et cr\u00e9meux, avec d\u2019excellentes propri\u00e9t\u00e9s de fonte. C\u2019est un fromage id\u00e9al comme garniture ou ingr\u00e9dient et il est tr\u00e8s appr\u00e9ci\u00e9 dans l\u2019industrie alimentaire.<\/p>\n\n\n\n<p>Le Cheddar est disponible dans des versions affin\u00e9es naturellement ou affin\u00e9es sous film. Nous le livrons dans diff\u00e9rents formats : en blocs, meules, grains, tranches et r\u00e2p\u00e9. Nos blocs de Cheddar conviennent parfaitement pour diff\u00e9rentes utilisations, par exemple en tranches superpos\u00e9es, r\u00e2p\u00e9, en poudre et fondu. Nous produisons \u00e9galement des m\u00e9langes de fromages r\u00e2p\u00e9s qui associent le Cheddar \u00e0 d\u2019autres types de fromages, comme le Gouda. Notre Cheddar est halal.<\/p>\n<\/div>\n\n\n\n<div class=\"wp-block-column is-layout-flow wp-block-column-is-layout-flow\">\n<figure class=\"wp-block-image size-large\"><img loading=\"lazy\" decoding=\"async\" width=\"1024\" height=\"683\" src=\"https:\/\/aware-cheese.com\/wp-content\/uploads\/2023\/03\/Cheddar-white-loaf-3-kg-1024x683.jpg\" alt=\"\" class=\"wp-image-2874\" srcset=\"https:\/\/aware-cheese.com\/wp-content\/uploads\/2023\/03\/Cheddar-white-loaf-3-kg-1024x683.jpg 1024w, https:\/\/aware-cheese.com\/wp-content\/uploads\/2023\/03\/Cheddar-white-loaf-3-kg-300x200.jpg 300w, https:\/\/aware-cheese.com\/wp-content\/uploads\/2023\/03\/Cheddar-white-loaf-3-kg-768x512.jpg 768w, https:\/\/aware-cheese.com\/wp-content\/uploads\/2023\/03\/Cheddar-white-loaf-3-kg-1536x1024.jpg 1536w\" sizes=\"auto, (max-width: 1024px) 100vw, 1024px\" \/><\/figure>\n<\/div>\n<\/div>\n","protected":false},"excerpt":{"rendered":"<p>Cheddar Origine Bien que le Cheddar soit originaire du Royaume-Uni, il est d\u00e9sormais produit et appr\u00e9ci\u00e9 dans le monde entier. Sa production inclut un processus de fabrication appel\u00e9 \u00ab cheddarisation \u00bb qui donne au Cheddar ses caract\u00e9ristiques uniques. A-ware livre \u00e0 la fois du Cheddar orange et du Cheddar blanc. Go\u00fbt et caract\u00e9ristiques Le Cheddar [&#8230;]<\/p>\n<p><a class=\"btn btn-secondary understrap-read-more-link\" href=\"https:\/\/aware-cheese.com\/fr\/cheese-types\/cheddar\/\">Lire la suite&#8230;<span class=\"screen-reader-text\"> from Cheddar<\/span><\/a><\/p>\n","protected":false},"author":3,"featured_media":3021,"parent":2587,"menu_order":0,"comment_status":"closed","ping_status":"closed","template":"page-templates\/cheese-types.php","meta":{"inline_featured_image":false,"footnotes":""},"class_list":["post-2958","page","type-page","status-publish","has-post-thumbnail","hentry"],"acf":[],"yoast_head":"<!-- This site is optimized with the Yoast SEO plugin v26.1 - https:\/\/yoast.com\/wordpress\/plugins\/seo\/ -->\n<title>Cheddar - Royal A-ware<\/title>\n<meta name=\"robots\" content=\"index, follow, max-snippet:-1, max-image-preview:large, max-video-preview:-1\" \/>\n<link rel=\"canonical\" href=\"https:\/\/aware-cheese.com\/fr\/cheese-types\/cheddar\/\" \/>\n<meta property=\"og:locale\" content=\"fr_FR\" \/>\n<meta property=\"og:type\" content=\"article\" \/>\n<meta property=\"og:title\" content=\"Cheddar - Royal A-ware\" \/>\n<meta property=\"og:description\" content=\"Cheddar Origine Bien que le Cheddar soit originaire du Royaume-Uni, il est d\u00e9sormais produit et appr\u00e9ci\u00e9 dans le monde entier. Sa production inclut un processus de fabrication appel\u00e9 \u00ab cheddarisation \u00bb qui donne au Cheddar ses caract\u00e9ristiques uniques. A-ware livre \u00e0 la fois du Cheddar orange et du Cheddar blanc. Go\u00fbt et caract\u00e9ristiques Le Cheddar [...]Lire la suite... from Cheddar\" \/>\n<meta property=\"og:url\" content=\"https:\/\/aware-cheese.com\/fr\/cheese-types\/cheddar\/\" \/>\n<meta property=\"og:site_name\" content=\"Royal A-ware\" \/>\n<meta property=\"article:modified_time\" content=\"2023-06-02T14:48:07+00:00\" \/>\n<meta property=\"og:image\" content=\"https:\/\/aware-cheese.com\/wp-content\/uploads\/2023\/05\/7W4A1209-scaled.jpg\" \/>\n\t<meta property=\"og:image:width\" content=\"2560\" \/>\n\t<meta property=\"og:image:height\" content=\"1707\" \/>\n\t<meta property=\"og:image:type\" content=\"image\/jpeg\" \/>\n<meta name=\"twitter:card\" content=\"summary_large_image\" \/>\n<meta name=\"twitter:label1\" content=\"Dur\u00e9e de lecture estim\u00e9e\" \/>\n\t<meta name=\"twitter:data1\" content=\"1 minute\" \/>\n<script type=\"application\/ld+json\" class=\"yoast-schema-graph\">{\"@context\":\"https:\/\/schema.org\",\"@graph\":[{\"@type\":\"WebPage\",\"@id\":\"https:\/\/aware-cheese.com\/fr\/cheese-types\/cheddar\/\",\"url\":\"https:\/\/aware-cheese.com\/fr\/cheese-types\/cheddar\/\",\"name\":\"Cheddar - Royal A-ware\",\"isPartOf\":{\"@id\":\"https:\/\/aware-cheese.com\/#website\"},\"primaryImageOfPage\":{\"@id\":\"https:\/\/aware-cheese.com\/fr\/cheese-types\/cheddar\/#primaryimage\"},\"image\":{\"@id\":\"https:\/\/aware-cheese.com\/fr\/cheese-types\/cheddar\/#primaryimage\"},\"thumbnailUrl\":\"https:\/\/aware-cheese.com\/wp-content\/uploads\/2023\/05\/7W4A1209-scaled.jpg\",\"datePublished\":\"2023-05-15T06:43:15+00:00\",\"dateModified\":\"2023-06-02T14:48:07+00:00\",\"breadcrumb\":{\"@id\":\"https:\/\/aware-cheese.com\/fr\/cheese-types\/cheddar\/#breadcrumb\"},\"inLanguage\":\"fr-FR\",\"potentialAction\":[{\"@type\":\"ReadAction\",\"target\":[\"https:\/\/aware-cheese.com\/fr\/cheese-types\/cheddar\/\"]}]},{\"@type\":\"ImageObject\",\"inLanguage\":\"fr-FR\",\"@id\":\"https:\/\/aware-cheese.com\/fr\/cheese-types\/cheddar\/#primaryimage\",\"url\":\"https:\/\/aware-cheese.com\/wp-content\/uploads\/2023\/05\/7W4A1209-scaled.jpg\",\"contentUrl\":\"https:\/\/aware-cheese.com\/wp-content\/uploads\/2023\/05\/7W4A1209-scaled.jpg\",\"width\":2560,\"height\":1707},{\"@type\":\"BreadcrumbList\",\"@id\":\"https:\/\/aware-cheese.com\/fr\/cheese-types\/cheddar\/#breadcrumb\",\"itemListElement\":[{\"@type\":\"ListItem\",\"position\":1,\"name\":\"Home\",\"item\":\"https:\/\/aware-cheese.com\/fr\/\"},{\"@type\":\"ListItem\",\"position\":2,\"name\":\"Cheese types\",\"item\":\"https:\/\/aware-cheese.com\/fr\/cheese-types\/\"},{\"@type\":\"ListItem\",\"position\":3,\"name\":\"Cheddar\"}]},{\"@type\":\"WebSite\",\"@id\":\"https:\/\/aware-cheese.com\/#website\",\"url\":\"https:\/\/aware-cheese.com\/\",\"name\":\"Royal A-ware\",\"description\":\"Driven by Taste\",\"publisher\":{\"@id\":\"https:\/\/aware-cheese.com\/#organization\"},\"potentialAction\":[{\"@type\":\"SearchAction\",\"target\":{\"@type\":\"EntryPoint\",\"urlTemplate\":\"https:\/\/aware-cheese.com\/?s={search_term_string}\"},\"query-input\":{\"@type\":\"PropertyValueSpecification\",\"valueRequired\":true,\"valueName\":\"search_term_string\"}}],\"inLanguage\":\"fr-FR\"},{\"@type\":\"Organization\",\"@id\":\"https:\/\/aware-cheese.com\/#organization\",\"name\":\"Royal A-ware\",\"url\":\"https:\/\/aware-cheese.com\/\",\"logo\":{\"@type\":\"ImageObject\",\"inLanguage\":\"fr-FR\",\"@id\":\"https:\/\/aware-cheese.com\/#\/schema\/logo\/image\/\",\"url\":\"https:\/\/aware-cheese.com\/wp-content\/uploads\/2022\/05\/logo.svg\",\"contentUrl\":\"https:\/\/aware-cheese.com\/wp-content\/uploads\/2022\/05\/logo.svg\",\"width\":121,\"height\":147,\"caption\":\"Royal A-ware\"},\"image\":{\"@id\":\"https:\/\/aware-cheese.com\/#\/schema\/logo\/image\/\"}}]}<\/script>\n<!-- \/ Yoast SEO plugin. -->","yoast_head_json":{"title":"Cheddar - Royal A-ware","robots":{"index":"index","follow":"follow","max-snippet":"max-snippet:-1","max-image-preview":"max-image-preview:large","max-video-preview":"max-video-preview:-1"},"canonical":"https:\/\/aware-cheese.com\/fr\/cheese-types\/cheddar\/","og_locale":"fr_FR","og_type":"article","og_title":"Cheddar - Royal A-ware","og_description":"Cheddar Origine Bien que le Cheddar soit originaire du Royaume-Uni, il est d\u00e9sormais produit et appr\u00e9ci\u00e9 dans le monde entier. Sa production inclut un processus de fabrication appel\u00e9 \u00ab cheddarisation \u00bb qui donne au Cheddar ses caract\u00e9ristiques uniques. A-ware livre \u00e0 la fois du Cheddar orange et du Cheddar blanc. Go\u00fbt et caract\u00e9ristiques Le Cheddar [...]Lire la suite... from Cheddar","og_url":"https:\/\/aware-cheese.com\/fr\/cheese-types\/cheddar\/","og_site_name":"Royal A-ware","article_modified_time":"2023-06-02T14:48:07+00:00","og_image":[{"width":2560,"height":1707,"url":"https:\/\/aware-cheese.com\/wp-content\/uploads\/2023\/05\/7W4A1209-scaled.jpg","type":"image\/jpeg"}],"twitter_card":"summary_large_image","twitter_misc":{"Dur\u00e9e de lecture estim\u00e9e":"1 minute"},"schema":{"@context":"https:\/\/schema.org","@graph":[{"@type":"WebPage","@id":"https:\/\/aware-cheese.com\/fr\/cheese-types\/cheddar\/","url":"https:\/\/aware-cheese.com\/fr\/cheese-types\/cheddar\/","name":"Cheddar - Royal A-ware","isPartOf":{"@id":"https:\/\/aware-cheese.com\/#website"},"primaryImageOfPage":{"@id":"https:\/\/aware-cheese.com\/fr\/cheese-types\/cheddar\/#primaryimage"},"image":{"@id":"https:\/\/aware-cheese.com\/fr\/cheese-types\/cheddar\/#primaryimage"},"thumbnailUrl":"https:\/\/aware-cheese.com\/wp-content\/uploads\/2023\/05\/7W4A1209-scaled.jpg","datePublished":"2023-05-15T06:43:15+00:00","dateModified":"2023-06-02T14:48:07+00:00","breadcrumb":{"@id":"https:\/\/aware-cheese.com\/fr\/cheese-types\/cheddar\/#breadcrumb"},"inLanguage":"fr-FR","potentialAction":[{"@type":"ReadAction","target":["https:\/\/aware-cheese.com\/fr\/cheese-types\/cheddar\/"]}]},{"@type":"ImageObject","inLanguage":"fr-FR","@id":"https:\/\/aware-cheese.com\/fr\/cheese-types\/cheddar\/#primaryimage","url":"https:\/\/aware-cheese.com\/wp-content\/uploads\/2023\/05\/7W4A1209-scaled.jpg","contentUrl":"https:\/\/aware-cheese.com\/wp-content\/uploads\/2023\/05\/7W4A1209-scaled.jpg","width":2560,"height":1707},{"@type":"BreadcrumbList","@id":"https:\/\/aware-cheese.com\/fr\/cheese-types\/cheddar\/#breadcrumb","itemListElement":[{"@type":"ListItem","position":1,"name":"Home","item":"https:\/\/aware-cheese.com\/fr\/"},{"@type":"ListItem","position":2,"name":"Cheese types","item":"https:\/\/aware-cheese.com\/fr\/cheese-types\/"},{"@type":"ListItem","position":3,"name":"Cheddar"}]},{"@type":"WebSite","@id":"https:\/\/aware-cheese.com\/#website","url":"https:\/\/aware-cheese.com\/","name":"Royal A-ware","description":"Driven by Taste","publisher":{"@id":"https:\/\/aware-cheese.com\/#organization"},"potentialAction":[{"@type":"SearchAction","target":{"@type":"EntryPoint","urlTemplate":"https:\/\/aware-cheese.com\/?s={search_term_string}"},"query-input":{"@type":"PropertyValueSpecification","valueRequired":true,"valueName":"search_term_string"}}],"inLanguage":"fr-FR"},{"@type":"Organization","@id":"https:\/\/aware-cheese.com\/#organization","name":"Royal A-ware","url":"https:\/\/aware-cheese.com\/","logo":{"@type":"ImageObject","inLanguage":"fr-FR","@id":"https:\/\/aware-cheese.com\/#\/schema\/logo\/image\/","url":"https:\/\/aware-cheese.com\/wp-content\/uploads\/2022\/05\/logo.svg","contentUrl":"https:\/\/aware-cheese.com\/wp-content\/uploads\/2022\/05\/logo.svg","width":121,"height":147,"caption":"Royal A-ware"},"image":{"@id":"https:\/\/aware-cheese.com\/#\/schema\/logo\/image\/"}}]}},"_links":{"self":[{"href":"https:\/\/aware-cheese.com\/fr\/wp-json\/wp\/v2\/pages\/2958","targetHints":{"allow":["GET"]}}],"collection":[{"href":"https:\/\/aware-cheese.com\/fr\/wp-json\/wp\/v2\/pages"}],"about":[{"href":"https:\/\/aware-cheese.com\/fr\/wp-json\/wp\/v2\/types\/page"}],"author":[{"embeddable":true,"href":"https:\/\/aware-cheese.com\/fr\/wp-json\/wp\/v2\/users\/3"}],"replies":[{"embeddable":true,"href":"https:\/\/aware-cheese.com\/fr\/wp-json\/wp\/v2\/comments?post=2958"}],"version-history":[{"count":3,"href":"https:\/\/aware-cheese.com\/fr\/wp-json\/wp\/v2\/pages\/2958\/revisions"}],"predecessor-version":[{"id":3089,"href":"https:\/\/aware-cheese.com\/fr\/wp-json\/wp\/v2\/pages\/2958\/revisions\/3089"}],"up":[{"embeddable":true,"href":"https:\/\/aware-cheese.com\/fr\/wp-json\/wp\/v2\/pages\/2587"}],"wp:featuredmedia":[{"embeddable":true,"href":"https:\/\/aware-cheese.com\/fr\/wp-json\/wp\/v2\/media\/3021"}],"wp:attachment":[{"href":"https:\/\/aware-cheese.com\/fr\/wp-json\/wp\/v2\/media?parent=2958"}],"curies":[{"name":"wp","href":"https:\/\/api.w.org\/{rel}","templated":true}]}}